{"id":1592,"date":"2023-04-20T08:11:02","date_gmt":"2023-04-20T06:11:02","guid":{"rendered":"https:\/\/szantygraj.umrajgrod.pl\/przykladowa-strona\/"},"modified":"2023-10-02T15:57:23","modified_gmt":"2023-10-02T13:57:23","slug":"przykladowa-strona","status":"publish","type":"page","link":"https:\/\/szantygraj.umrajgrod.pl\/en\/","title":{"rendered":"Strona g\u0142\u00f3wna"},"content":{"rendered":"<div id=\"gutenslider-hzw6tflfi\" class=\"wp-block-eedee-block-gutenslider gs-frontend content-change alignfull arrow-style-1 arrow-position-sides arrow-mb-none arrows-lg-none arrows-md-none arrows-sm-none dot-style-1 dots-lg-none dots-md-none dots-sm-none dot-position-bottom is-position-center-center mb-none wrap-auto-height\" data-parallax-direction=\"down\" data-parallax-amount=\"1.3\" data-lg-transition=\"lg-slide\" data-hash=\"\" ><div class=\"eedee-swiper-outer\" style=\"--gutenslider-min-height: 500px;--gutenslider-arrow-size: 50px;--gutenslider-dot-size: 25px;--gutenslider-arrow-color: #ffffff;--gutenslider-dot-color: #ffffff;--gutenslider-padding-y-mobile: 40px;--gutenslider-padding-x-mobile: 40px;--gutenslider-padding-y-tablet: 40px;--gutenslider-padding-x-tablet: 40px;--gutenslider-padding-y-desktop: 40px;--gutenslider-padding-x-desktop: 40px;--gutenslider-bg-image: url();--gutenslider-min-height-md: 50vh;--gutenslider-min-height-sm: 50vh;--gutenslider-padding-x: 0px;--gutenslider-padding-x-md: 0px;--gutenslider-padding-x-sm: 0px;--gutenslider-padding-y: 40px;--gutenslider-padding-y-md: 40px;--gutenslider-padding-y-sm: 20px;--gutenslider-arrow-size-md: 50px;--gutenslider-arrow-size-sm: 50px;--gutenslider-dot-size-md: 25px;--gutenslider-dot-size-sm: 25px;--gutenslider-arrow-bg-color: transparent;--gutenslider-arrow-hover-color: #eeeeee;--gutenslider-arrow-bg-hover-color: transparent;--gutenslider-arrow-x-offset: 10px;--gutenslider-arrow-x-offset-md: 10px;--gutenslider-arrow-x-offset-sm: 10px;--gutenslider-arrow-y-offset: 0px;--gutenslider-arrow-y-offset-md: 0px;--gutenslider-arrow-y-offset-sm: 0px;--gutenslider-arrow-x-spacing: 0px;--gutenslider-dot-y-offset: 10px;--gutenslider-dot-y-offset-md: 10px;--gutenslider-dot-y-offset-sm: 10px;--gutenslider-margin-x: 0px;--gutenslider-margin-x-md: 0px;--gutenslider-margin-x-sm: 0px;--gutenslider-margin-y: 0px;--gutenslider-margin-y-md: 0px;--gutenslider-margin-y-sm: 0px;--gutenslider-divider-top: 60px;--gutenslider-divider-bottom: 60px;--gutenslider-lightgallery-bg: #ffffff;--gutenslider-lightgallery-font: #000000;--gs-first-pos: 50% 50%;--gs-gap-vertical: var( --wp--style--gallery-gap-default, var( --gallery-block--gutter-size, var( --wp--style--block-gap, 0.5em ) ) );--gs-gap-horizontal: var( --wp--style--gallery-gap-default, var( --gallery-block--gutter-size, var( --wp--style--block-gap, 0.5em ) ) );\"><div class=\"gutenslider-divider-top\" style=\"color:#fff;\"><\/div><div class=\"swiper\" data-settings='{\"autoplay\":false,\"speed\":700,\"direction\":\"horizontal\",\"autoHeight\":\"\",\"loop\":false,\"centeredSlides\":true,\"spaceBetween\":0,\"slidesPerView\":1,\"slidesPerGroup\":1,\"effect\":\"slide\",\"coverflowEffect\":{\"rotate\":30,\"slideShadows\":false,\"depth\":100,\"stretch\":50,\"modifier\":1},\"fadeEffect\":{\"crossFade\":true},\"zoom\":\"\",\"navigation\":{\"nextEl\":\"#gutenslider-hzw6tflfi .eedee-gutenslider-next\",\"prevEl\":\"#gutenslider-hzw6tflfi .eedee-gutenslider-prev\"},\"pagination\":{\"type\":\"bullets\",\"clickable\":true,\"dynamicBullets\":false,\"el\":\"#gutenslider-hzw6tflfi .eedee-gutenslider-pagination\"},\"pauseOnHover\":\"1\",\"watchSlidesProgress\":true,\"watchSlidesVisibility\":true,\"settingsMd\":{\"autoHeight\":\"\",\"slidesPerView\":1,\"slidesPerGroup\":1,\"spaceBetween\":0,\"loop\":false},\"settingsLg\":{\"autoHeight\":\"\",\"slidesPerView\":1,\"slidesPerGroup\":1,\"spaceBetween\":0,\"loop\":false},\"hasLg\":false,\"hasLgCounter\":true,\"isFullScreen\":false,\"arrowsFollowMouse\":false,\"lgTitle\":\"none\",\"lgCaption\":\"none\",\"lgThumbnails\":true,\"lgZoomEnabled\":false,\"keyboard\":false,\"hashNavigation\":false,\"dividers\":false}'><div class=\"swiper-wrapper\">\n<div class=\"swiper-slide wp-block-eedee-block-gutenslide slider-guten is-position-center-center ed-bg-image\" style=\"--ed-vw:300;--ed-vh:200;\" data-hash=\"\"><div class=\"eedee-background-div bg-image\"><img loading=\"lazy\" width=\"1440\" height=\"960\" class=\"wp-image-1562\" src=\"https:\/\/szantygraj.umrajgrod.pl\/wp-content\/uploads\/sites\/14\/2023\/09\/326388642_1184213718879324_3081881304195009022_n.jpg\" alt=\"\" decoding=\"async\" style=\"object-fit: cover; object-position: 48% 60%;\"  data-title=\"326388642_1184213718879324_3081881304195009022_n\" srcset=\"https:\/\/szantygraj.umrajgrod.pl\/wp-content\/uploads\/sites\/14\/2023\/09\/326388642_1184213718879324_3081881304195009022_n.jpg 1440w, https:\/\/szantygraj.umrajgrod.pl\/wp-content\/uploads\/sites\/14\/2023\/09\/326388642_1184213718879324_3081881304195009022_n-300x200.jpg 300w, https:\/\/szantygraj.umrajgrod.pl\/wp-content\/uploads\/sites\/14\/2023\/09\/326388642_1184213718879324_3081881304195009022_n-1024x683.jpg 1024w, https:\/\/szantygraj.umrajgrod.pl\/wp-content\/uploads\/sites\/14\/2023\/09\/326388642_1184213718879324_3081881304195009022_n-768x512.jpg 768w\" sizes=\"auto, (max-width: 1440px) 100vw, 1440px\" \/><div class=\"eedee-background-div__overlay\" style=\"opacity:1;\"><\/div><\/div><div class=\"slide-content\">\n\n<div class=\"wp-block-columns is-layout-flex wp-container-core-columns-is-layout-28f84493 wp-block-columns-is-layout-flex\">\n<div class=\"wp-block-column slider-column has-ast-global-color-5-background-color has-background is-layout-flow wp-block-column-is-layout-flow\" style=\"padding-top:70px;padding-right:40px;padding-bottom:40px;padding-left:40px;flex-basis:33.33%\">\n<h2 class=\"wp-block-heading has-ast-global-color-3-color has-text-color\"><strong>SzantygRaj<\/strong><\/h2>\n\n\n\n<p class=\"has-ast-global-color-3-color has-text-color\" style=\"font-size:18px\"><strong>Festiwal Piosenki \u017beglarskiej w Rajgrodzie<\/strong><\/p>\n\n\n\n<p class=\"has-ast-global-color-3-color has-text-color\">W ramach Dni Rajgrodu 22 i 23 lipca 2023 r. SzantygRaj Festiwal Piosenki \u017beglarskiej w Rajgrodzie<\/p>\n<\/div>\n\n\n\n<div class=\"wp-block-column is-layout-flow wp-block-column-is-layout-flow\" style=\"flex-basis:66.66%\"><\/div>\n<\/div>\n\n<\/div><\/div>\n<\/div><\/div><button class=\"eedee-gutenslider-nav eedee-gutenslider-prev\"><svg xmlns=\"http:\/\/www.w3.org\/2000\/svg\" viewBox=\"0 0 24 24\" width=\"24\" height=\"24\"><circle class=\"bg\" cx=\"13\" cy=\"12\" r=\"11\" \/><path fill=\"none\" d=\"M0 0h24v24H0z\"\/><path class=\"arrow\" d=\"M10.828 12l4.95 4.95-1.414 1.414L8 12l6.364-6.364 1.414 1.414z\"\/><\/svg><\/button><button class=\"eedee-gutenslider-nav eedee-gutenslider-next\"><svg xmlns=\"http:\/\/www.w3.org\/2000\/svg\" viewBox=\"0 0 24 24\" width=\"24\" height=\"24\"><circle class=\"bg\" cx=\"11\" cy=\"12\" r=\"11\" \/><path fill=\"none\" d=\"M0 0h24v24H0z\"\/><path class=\"arrow\" d=\"M13.172 12l-4.95-4.95 1.414-1.414L16 12l-6.364 6.364-1.414-1.414z\"\/><\/svg><\/button><div class=\"eedee-gutenslider-pagination\"><\/div><div class=\"gutenslider-divider-bottom \" style=\"color:#fff;\"><\/div><\/div><\/div>\n\n\n<div class=\"wp-block-columns news-two-columns is-layout-flex wp-container-core-columns-is-layout-7beb939d wp-block-columns-is-layout-flex\" style=\"margin-top:100px;padding-right:0px;padding-left:0px\">\n<div class=\"wp-block-column news right-border is-layout-flow wp-block-column-is-layout-flow\" style=\"padding-right:0px;padding-left:0px;flex-basis:100%\">\n<div class=\"wp-block-columns are-vertically-aligned-center is-layout-flex wp-container-core-columns-is-layout-28f84493 wp-block-columns-is-layout-flex\">\n<div class=\"wp-block-column is-vertically-aligned-center is-layout-flow wp-block-column-is-layout-flow\">\n<h2 class=\"wp-block-heading\"><strong>News<\/strong><\/h2>\n<\/div>\n\n\n\n<div class=\"wp-block-column is-vertically-aligned-center button-column is-layout-flow wp-block-column-is-layout-flow\">\n<div class=\"wp-block-buttons is-content-justification-right is-layout-flex wp-container-core-buttons-is-layout-d445cf74 wp-block-buttons-is-layout-flex\">\n<div class=\"wp-block-button has-custom-width wp-block-button__width-50 button-white\"><a class=\"wp-block-button__link has-ast-global-color-1-color has-ast-global-color-5-background-color has-text-color has-background has-text-align-center wp-element-button\" href=\"https:\/\/szantygraj.umrajgrod.pl\/en\/category\/news\/\" style=\"border-radius:0px\">See more<\/a><\/div>\n<\/div>\n<\/div>\n<\/div>\n\n\n\n<div class=\"wp-block-query is-layout-flow wp-block-query-is-layout-flow\"><ul class=\"wp-block-post-template is-layout-flow wp-block-post-template-is-layout-flow\"><li class=\"wp-block-post post-1598 post type-post status-publish format-standard has-post-thumbnail hentry category-news\">\n\n<div class=\"wp-block-columns are-vertically-aligned-center main-news is-layout-flex wp-container-core-columns-is-layout-28f84493 wp-block-columns-is-layout-flex\">\n<div class=\"wp-block-column is-vertically-aligned-center news-image is-layout-flow wp-block-column-is-layout-flow\" style=\"flex-basis:40%\"><figure class=\"wp-block-post-featured-image\"><img loading=\"lazy\" decoding=\"async\" width=\"640\" height=\"908\" src=\"https:\/\/szantygraj.umrajgrod.pl\/wp-content\/uploads\/sites\/14\/2023\/09\/644229046f195-Plakat-Szanty-sroda.jpg\" class=\"attachment-post-thumbnail size-post-thumbnail wp-post-image\" alt=\"\" style=\"object-fit:cover;\" srcset=\"https:\/\/szantygraj.umrajgrod.pl\/wp-content\/uploads\/sites\/14\/2023\/09\/644229046f195-Plakat-Szanty-sroda.jpg 640w, https:\/\/szantygraj.umrajgrod.pl\/wp-content\/uploads\/sites\/14\/2023\/09\/644229046f195-Plakat-Szanty-sroda-211x300.jpg 211w\" sizes=\"auto, (max-width: 640px) 100vw, 640px\" \/><\/figure><\/div>\n\n\n\n<div class=\"wp-block-column is-vertically-aligned-center is-layout-flow wp-block-column-is-layout-flow\" style=\"flex-basis:60%\"><div class=\"wp-block-post-date\"><time datetime=\"2023-04-18T17:00:40+02:00\">2023-04-18<\/time><\/div>\n\n<h3 style=\"font-size:24px;\" class=\"wp-block-post-title\"><a href=\"https:\/\/szantygraj.umrajgrod.pl\/en\/2023\/04\/18\/program-szantygraj-festiwalu-piosenki-zeglarskiej\/\" target=\"_self\" >Program SzantygRaj Festiwalu Piosenki \u017beglarskiej<\/a><\/h3>\n\n<div class=\"wp-block-post-excerpt has-text-color has-black-color\"><p class=\"wp-block-post-excerpt__excerpt\">Poni\u017cej przedstawiamy Pa\u0144stwu program SzantygRaj Festiwalu Piosenki \u017beglarskiej w Rajgrodzie. Serdecznie zapraszamy!<\/p><p class=\"wp-block-post-excerpt__more-text\"><a class=\"wp-block-post-excerpt__more-link\" href=\"https:\/\/szantygraj.umrajgrod.pl\/en\/2023\/04\/18\/program-szantygraj-festiwalu-piosenki-zeglarskiej\/\">Czytaj wi\u0119cej<\/a><\/p><\/div><\/div>\n<\/div>\n\n<\/li><\/ul><\/div>\n\n\n\n<div class=\"wp-block-query is-layout-flow wp-block-query-is-layout-flow\"><ul class=\"columns-3 wp-block-post-template is-layout-grid wp-container-core-post-template-is-layout-6d3fbd8f wp-block-post-template-is-layout-grid\"><li class=\"wp-block-post post-1601 post type-post status-publish format-standard has-post-thumbnail hentry category-news\">\n<div class=\"wp-block-post-date\"><time datetime=\"2023-03-28T15:36:44+02:00\">2023-03-28<\/time><\/div>\n\n<h3 style=\"font-size:18px;\" class=\"wp-block-post-title\"><a href=\"https:\/\/szantygraj.umrajgrod.pl\/en\/2023\/03\/28\/zaproszenie-do-udzialu-w-konkursie-szantygraj-2023\/\" target=\"_self\" >Zaproszenie do udzia\u0142u w konkursie SzantygRaj 2023<\/a><\/h3>\n\n<div class=\"wp-block-post-excerpt\"><p class=\"wp-block-post-excerpt__excerpt\">apraszamy serdecznie wszystkich mi\u0142o\u015bnik\u00f3w szant i piosenki \u017ceglarskiej do udzia\u0142u w konkursie w ramach SzantygRaj Festiwal Piosenki \u017beglarskiej w Rajgrodzie. Zach\u0119camy do zapoznania si\u0119 z<\/p><p class=\"wp-block-post-excerpt__more-text\"><a class=\"wp-block-post-excerpt__more-link\" href=\"https:\/\/szantygraj.umrajgrod.pl\/en\/2023\/03\/28\/zaproszenie-do-udzialu-w-konkursie-szantygraj-2023\/\">Czytaj wi\u0119cej<\/a><\/p><\/div>\n<\/li><li class=\"wp-block-post post-1604 post type-post status-publish format-standard has-post-thumbnail hentry category-news\">\n<div class=\"wp-block-post-date\"><time datetime=\"2023-02-27T14:06:47+01:00\">2023-02-27<\/time><\/div>\n\n<h3 style=\"font-size:18px;\" class=\"wp-block-post-title\"><a href=\"https:\/\/szantygraj.umrajgrod.pl\/en\/2023\/02\/27\/festiwal-szantygraj-z-honorowym-patronatem-marszalka\/\" target=\"_self\" >Festiwal SzantygRaj z Honorowym Patronatem Marsza\u0142ka<\/a><\/h3>\n\n<div class=\"wp-block-post-excerpt\"><p class=\"wp-block-post-excerpt__excerpt\">SzantygRaj Festiwal Piosenki \u017beglarskiej w Rajgrodzie otrzyma\u0142 Honorowy Patronat Marsza\u0142ka Wojew\u00f3dztwa Podlaskiego. 10 lutego br. Gmina Rajgr\u00f3d zawnioskowa\u0142a o obj\u0119cie festiwalu Honorowym Patronatem Marsza\u0142ka Wojew\u00f3dztwa<\/p><p class=\"wp-block-post-excerpt__more-text\"><a class=\"wp-block-post-excerpt__more-link\" href=\"https:\/\/szantygraj.umrajgrod.pl\/en\/2023\/02\/27\/festiwal-szantygraj-z-honorowym-patronatem-marszalka\/\">Czytaj wi\u0119cej<\/a><\/p><\/div>\n<\/li><li class=\"wp-block-post post-1607 post type-post status-publish format-standard has-post-thumbnail hentry category-news\">\n<div class=\"wp-block-post-date\"><time datetime=\"2023-02-23T13:09:17+01:00\">2023-02-23<\/time><\/div>\n\n<h3 style=\"font-size:18px;\" class=\"wp-block-post-title\"><a href=\"https:\/\/szantygraj.umrajgrod.pl\/en\/2023\/02\/23\/czerwone-gitary-zagraja-w-rajgrodzie\/\" target=\"_self\" >Czerwone Gitary zagraj\u0105 w Rajgrodzie!!!<\/a><\/h3>\n\n<div class=\"wp-block-post-excerpt\"><p class=\"wp-block-post-excerpt__excerpt\">Dom Kultury w Rajgrodzie podpisa\u0142 umow\u0119 z Gwiazd\u0105 Wieczoru &#8211; Czerwonymi Gitarami. Zesp\u00f3\u0142 wyst\u0105pi podczas SzantygRaj Festiwal Piosenki \u017beglarskiej w Rajgrodzie 22 lipca 2023 r.<\/p><p class=\"wp-block-post-excerpt__more-text\"><a class=\"wp-block-post-excerpt__more-link\" href=\"https:\/\/szantygraj.umrajgrod.pl\/en\/2023\/02\/23\/czerwone-gitary-zagraja-w-rajgrodzie\/\">Czytaj wi\u0119cej<\/a><\/p><\/div>\n<\/li><\/ul><\/div>\n<\/div>\n<\/div>\n","protected":false},"excerpt":{"rendered":"<p>News<\/p>\n","protected":false},"author":1,"featured_media":0,"parent":0,"menu_order":0,"comment_status":"closed","ping_status":"open","template":"","meta":{"inline_featured_image":false,"site-sidebar-layout":"default","site-content-layout":"","ast-site-content-layout":"default","site-content-style":"default","site-sidebar-style":"default","ast-global-header-display":"","ast-banner-title-visibility":"","ast-main-header-display":"","ast-hfb-above-header-display":"","ast-hfb-below-header-display":"","ast-hfb-mobile-header-display":"","site-post-title":"","ast-breadcrumbs-content":"","ast-featured-img":"","footer-sml-layout":"","ast-disable-related-posts":"","theme-transparent-header-meta":"","adv-header-id-meta":"","stick-header-meta":"","header-above-stick-meta":"","header-main-stick-meta":"","header-below-stick-meta":"","astra-migrate-meta-layouts":"set","ast-page-background-enabled":"default","ast-page-background-meta":{"desktop":{"background-color":"var(--ast-global-color-4)","background-image":"","background-repeat":"repeat","background-position":"center center","background-size":"auto","background-attachment":"scroll","background-type":"","background-media":"","overlay-type":"","overlay-color":"","overlay-opacity":"","overlay-gradient":""},"tablet":{"background-color":"","background-image":"","background-repeat":"repeat","background-position":"center center","background-size":"auto","background-attachment":"scroll","background-type":"","background-media":"","overlay-type":"","overlay-color":"","overlay-opacity":"","overlay-gradient":""},"mobile":{"background-color":"","background-image":"","background-repeat":"repeat","background-position":"center center","background-size":"auto","background-attachment":"scroll","background-type":"","background-media":"","overlay-type":"","overlay-color":"","overlay-opacity":"","overlay-gradient":""}},"ast-content-background-meta":{"desktop":{"background-color":"var(--ast-global-color-5)","background-image":"","background-repeat":"repeat","background-position":"center center","background-size":"auto","background-attachment":"scroll","background-type":"","background-media":"","overlay-type":"","overlay-color":"","overlay-opacity":"","overlay-gradient":""},"tablet":{"background-color":"var(--ast-global-color-5)","background-image":"","background-repeat":"repeat","background-position":"center center","background-size":"auto","background-attachment":"scroll","background-type":"","background-media":"","overlay-type":"","overlay-color":"","overlay-opacity":"","overlay-gradient":""},"mobile":{"background-color":"var(--ast-global-color-5)","background-image":"","background-repeat":"repeat","background-position":"center center","background-size":"auto","background-attachment":"scroll","background-type":"","background-media":"","overlay-type":"","overlay-color":"","overlay-opacity":"","overlay-gradient":""}},"footnotes":""},"class_list":["post-1592","page","type-page","status-publish","hentry"],"_links":{"self":[{"href":"https:\/\/szantygraj.umrajgrod.pl\/en\/wp-json\/wp\/v2\/pages\/1592","targetHints":{"allow":["GET"]}}],"collection":[{"href":"https:\/\/szantygraj.umrajgrod.pl\/en\/wp-json\/wp\/v2\/pages"}],"about":[{"href":"https:\/\/szantygraj.umrajgrod.pl\/en\/wp-json\/wp\/v2\/types\/page"}],"author":[{"embeddable":true,"href":"https:\/\/szantygraj.umrajgrod.pl\/en\/wp-json\/wp\/v2\/users\/1"}],"replies":[{"embeddable":true,"href":"https:\/\/szantygraj.umrajgrod.pl\/en\/wp-json\/wp\/v2\/comments?post=1592"}],"version-history":[{"count":3,"href":"https:\/\/szantygraj.umrajgrod.pl\/en\/wp-json\/wp\/v2\/pages\/1592\/revisions"}],"predecessor-version":[{"id":1619,"href":"https:\/\/szantygraj.umrajgrod.pl\/en\/wp-json\/wp\/v2\/pages\/1592\/revisions\/1619"}],"wp:attachment":[{"href":"https:\/\/szantygraj.umrajgrod.pl\/en\/wp-json\/wp\/v2\/media?parent=1592"}],"curies":[{"name":"wp","href":"https:\/\/api.w.org\/{rel}","templated":true}]}}